{"id":1517,"date":"2024-06-28T11:52:57","date_gmt":"2024-06-28T09:52:57","guid":{"rendered":"https:\/\/johnsmith.complot.net\/?page_id=1517"},"modified":"2024-06-28T13:39:11","modified_gmt":"2024-06-28T11:39:11","slug":"menu","status":"publish","type":"page","link":"https:\/\/johnsmith.complot.net\/index.php\/menu\/","title":{"rendered":"MENU"},"content":{"rendered":"\t\t<div data-elementor-type=\"wp-page\" data-elementor-id=\"1517\" class=\"elementor elementor-1517\" data-elementor-post-type=\"page\">\n\t\t\t\t<div class=\"elementor-element elementor-element-e9aaa15 e-con-full e-flex elementor-invisible e-con e-parent\" data-id=\"e9aaa15\" data-element_type=\"container\" data-settings=\"{&quot;background_background&quot;:&quot;video&quot;,&quot;background_video_link&quot;:&quot;https:\\\/\\\/johnsmith.complot.net\\\/wp-content\\\/uploads\\\/2024\\\/06\\\/closeup-of-an-inflated-arm-and-a-dumbbell-an-athle-2023-11-29-19-25-47-utc.mp4&quot;,&quot;background_video_start&quot;:55,&quot;background_video_end&quot;:75,&quot;animation&quot;:&quot;fadeIn&quot;,&quot;animation_delay&quot;:1500,&quot;background_play_on_mobile&quot;:&quot;yes&quot;}\">\n\t\t<div class=\"elementor-background-video-container\" aria-hidden=\"true\">\n\t\t\t\t\t\t\t<video class=\"elementor-background-video-hosted\" autoplay muted playsinline loop><\/video>\n\t\t\t\t\t<\/div><div class=\"elementor-element elementor-element-5d050bb e-flex e-con-boxed e-con e-child\" data-id=\"5d050bb\" data-element_type=\"container\">\n\t\t\t\t\t<div class=\"e-con-inner\">\n\t\t\t\t<div class=\"elementor-element elementor-element-fc44829 elementor-widget__width-initial elementor-widget elementor-widget-image\" data-id=\"fc44829\" data-element_type=\"widget\" data-widget_type=\"image.default\">\n\t\t\t\t<div class=\"elementor-widget-container\">\n\t\t\t\t\t\t\t\t\t\t\t\t\t\t\t\t<a href=\"https:\/\/johnsmith.complot.net\">\n\t\t\t\t\t\t\t<img fetchpriority=\"high\" decoding=\"async\" width=\"800\" height=\"95\" src=\"https:\/\/johnsmith.complot.net\/wp-content\/uploads\/2024\/06\/logo-blanco-1024x122.png\" class=\"attachment-large size-large wp-image-1512\" alt=\"\" srcset=\"https:\/\/johnsmith.complot.net\/wp-content\/uploads\/2024\/06\/logo-blanco-1024x122.png 1024w, https:\/\/johnsmith.complot.net\/wp-content\/uploads\/2024\/06\/logo-blanco-300x36.png 300w, https:\/\/johnsmith.complot.net\/wp-content\/uploads\/2024\/06\/logo-blanco-768x92.png 768w, https:\/\/johnsmith.complot.net\/wp-content\/uploads\/2024\/06\/logo-blanco-1536x184.png 1536w, https:\/\/johnsmith.complot.net\/wp-content\/uploads\/2024\/06\/logo-blanco.png 1891w\" sizes=\"(max-width: 800px) 100vw, 800px\" \/>\t\t\t\t\t\t\t\t<\/a>\n\t\t\t\t\t\t\t\t\t\t\t\t\t\t\t<\/div>\n\t\t\t\t<\/div>\n\t\t<div class=\"elementor-element elementor-element-272b070 e-con-full e-flex e-con e-child\" data-id=\"272b070\" data-element_type=\"container\">\n\t\t<div class=\"elementor-element elementor-element-987fac8 e-con-full e-flex e-con e-child\" data-id=\"987fac8\" data-element_type=\"container\">\n\t\t\t\t<div class=\"elementor-element elementor-element-ae78da2 elementor-widget elementor-widget-heading\" data-id=\"ae78da2\" data-element_type=\"widget\" data-widget_type=\"heading.default\">\n\t\t\t\t<div class=\"elementor-widget-container\">\n\t\t\t\t\t<h1 class=\"elementor-heading-title elementor-size-default\">TEXtIL<\/h1>\t\t\t\t<\/div>\n\t\t\t\t<\/div>\n\t\t\t\t<div class=\"elementor-element elementor-element-98e4bf5 elementor-widget elementor-widget-heading\" data-id=\"98e4bf5\" data-element_type=\"widget\" data-widget_type=\"heading.default\">\n\t\t\t\t<div class=\"elementor-widget-container\">\n\t\t\t\t\t<h1 class=\"elementor-heading-title elementor-size-default\"><a href=\"https:\/\/johnsmith.complot.net\/index.php\/textil-hombre\/\">HOmBRE<\/a><\/h1>\t\t\t\t<\/div>\n\t\t\t\t<\/div>\n\t\t\t\t<div class=\"elementor-element elementor-element-4118d0e elementor-widget elementor-widget-heading\" data-id=\"4118d0e\" data-element_type=\"widget\" data-widget_type=\"heading.default\">\n\t\t\t\t<div class=\"elementor-widget-container\">\n\t\t\t\t\t<h1 class=\"elementor-heading-title elementor-size-default\"><a href=\"https:\/\/johnsmith.complot.net\/index.php\/textil-hombre\/#1\">Fundamentals<\/a><\/h1>\t\t\t\t<\/div>\n\t\t\t\t<\/div>\n\t\t\t\t<div class=\"elementor-element elementor-element-fce7f24 elementor-widget elementor-widget-heading\" data-id=\"fce7f24\" data-element_type=\"widget\" data-widget_type=\"heading.default\">\n\t\t\t\t<div class=\"elementor-widget-container\">\n\t\t\t\t\t<h1 class=\"elementor-heading-title elementor-size-default\"><a href=\"https:\/\/johnsmith.complot.net\/index.php\/textil-hombre\/#2\">Pantalones b\u00e1sicos<\/a><\/h1>\t\t\t\t<\/div>\n\t\t\t\t<\/div>\n\t\t\t\t<div class=\"elementor-element elementor-element-ebb984a elementor-widget elementor-widget-heading\" data-id=\"ebb984a\" data-element_type=\"widget\" data-widget_type=\"heading.default\">\n\t\t\t\t<div class=\"elementor-widget-container\">\n\t\t\t\t\t<h1 class=\"elementor-heading-title elementor-size-default\"><a href=\"https:\/\/johnsmith.complot.net\/index.php\/textil-hombre\/#3\">Bloodsport<\/a><\/h1>\t\t\t\t<\/div>\n\t\t\t\t<\/div>\n\t\t\t\t<div class=\"elementor-element elementor-element-66bf98e elementor-widget elementor-widget-heading\" data-id=\"66bf98e\" data-element_type=\"widget\" data-widget_type=\"heading.default\">\n\t\t\t\t<div class=\"elementor-widget-container\">\n\t\t\t\t\t<h1 class=\"elementor-heading-title elementor-size-default\"><a href=\"https:\/\/johnsmith.complot.net\/index.php\/textil-hombre\/#4\">Athletcore<\/a><\/h1>\t\t\t\t<\/div>\n\t\t\t\t<\/div>\n\t\t\t\t<div class=\"elementor-element elementor-element-7c8401e elementor-widget elementor-widget-heading\" data-id=\"7c8401e\" data-element_type=\"widget\" data-widget_type=\"heading.default\">\n\t\t\t\t<div class=\"elementor-widget-container\">\n\t\t\t\t\t<h1 class=\"elementor-heading-title elementor-size-default\"><a href=\"https:\/\/johnsmith.complot.net\/index.php\/textil-hombre\/#5\">Training<\/a><\/h1>\t\t\t\t<\/div>\n\t\t\t\t<\/div>\n\t\t\t\t<div class=\"elementor-element elementor-element-fb02fc3 elementor-widget elementor-widget-heading\" data-id=\"fb02fc3\" data-element_type=\"widget\" data-widget_type=\"heading.default\">\n\t\t\t\t<div class=\"elementor-widget-container\">\n\t\t\t\t\t<h1 class=\"elementor-heading-title elementor-size-default\"><a href=\"https:\/\/johnsmith.complot.net\/index.php\/textil-hombre\/#6\">Summer Drawing<\/a><\/h1>\t\t\t\t<\/div>\n\t\t\t\t<\/div>\n\t\t\t\t<div class=\"elementor-element elementor-element-13a2ea1 elementor-widget elementor-widget-heading\" data-id=\"13a2ea1\" data-element_type=\"widget\" data-widget_type=\"heading.default\">\n\t\t\t\t<div class=\"elementor-widget-container\">\n\t\t\t\t\t<h1 class=\"elementor-heading-title elementor-size-default\"><a href=\"https:\/\/johnsmith.complot.net\/index.php\/textil-mujer\/\">MUJER<\/a><\/h1>\t\t\t\t<\/div>\n\t\t\t\t<\/div>\n\t\t\t\t<div class=\"elementor-element elementor-element-983ebde elementor-widget elementor-widget-heading\" data-id=\"983ebde\" data-element_type=\"widget\" data-widget_type=\"heading.default\">\n\t\t\t\t<div class=\"elementor-widget-container\">\n\t\t\t\t\t<h1 class=\"elementor-heading-title elementor-size-default\"><a href=\"https:\/\/johnsmith.complot.net\/index.php\/textil-mujer\/#1\">Fundamentals<\/a><\/h1>\t\t\t\t<\/div>\n\t\t\t\t<\/div>\n\t\t\t\t<div class=\"elementor-element elementor-element-33215f7 elementor-widget elementor-widget-heading\" data-id=\"33215f7\" data-element_type=\"widget\" data-widget_type=\"heading.default\">\n\t\t\t\t<div class=\"elementor-widget-container\">\n\t\t\t\t\t<h1 class=\"elementor-heading-title elementor-size-default\"><a href=\"https:\/\/johnsmith.complot.net\/index.php\/textil-mujer\/#2\">Pantal\u00f3n B\u00e1sico<\/a><\/h1>\t\t\t\t<\/div>\n\t\t\t\t<\/div>\n\t\t\t\t<div class=\"elementor-element elementor-element-2febf70 elementor-widget elementor-widget-heading\" data-id=\"2febf70\" data-element_type=\"widget\" data-widget_type=\"heading.default\">\n\t\t\t\t<div class=\"elementor-widget-container\">\n\t\t\t\t\t<h1 class=\"elementor-heading-title elementor-size-default\"><a href=\"https:\/\/johnsmith.complot.net\/index.php\/textil-mujer\/#3\">Athletcore<\/a><\/h1>\t\t\t\t<\/div>\n\t\t\t\t<\/div>\n\t\t\t\t<div class=\"elementor-element elementor-element-18d3d00 elementor-widget elementor-widget-heading\" data-id=\"18d3d00\" data-element_type=\"widget\" data-widget_type=\"heading.default\">\n\t\t\t\t<div class=\"elementor-widget-container\">\n\t\t\t\t\t<h1 class=\"elementor-heading-title elementor-size-default\"><a href=\"https:\/\/johnsmith.complot.net\/index.php\/textil-mujer\/#4\">Pure Sports<\/a><\/h1>\t\t\t\t<\/div>\n\t\t\t\t<\/div>\n\t\t\t\t<div class=\"elementor-element elementor-element-727a8ef elementor-widget elementor-widget-heading\" data-id=\"727a8ef\" data-element_type=\"widget\" data-widget_type=\"heading.default\">\n\t\t\t\t<div class=\"elementor-widget-container\">\n\t\t\t\t\t<h1 class=\"elementor-heading-title elementor-size-default\"><a href=\"https:\/\/johnsmith.complot.net\/index.php\/textil-mujer\/#5\">Proportions<\/a><\/h1>\t\t\t\t<\/div>\n\t\t\t\t<\/div>\n\t\t\t\t<div class=\"elementor-element elementor-element-c2dd096 elementor-widget elementor-widget-heading\" data-id=\"c2dd096\" data-element_type=\"widget\" data-widget_type=\"heading.default\">\n\t\t\t\t<div class=\"elementor-widget-container\">\n\t\t\t\t\t<h1 class=\"elementor-heading-title elementor-size-default\"><a href=\"https:\/\/johnsmith.complot.net\/index.php\/textil-nino\/\">ni\u00f1o<\/a><\/h1>\t\t\t\t<\/div>\n\t\t\t\t<\/div>\n\t\t\t\t<div class=\"elementor-element elementor-element-c72abc9 elementor-widget elementor-widget-heading\" data-id=\"c72abc9\" data-element_type=\"widget\" data-widget_type=\"heading.default\">\n\t\t\t\t<div class=\"elementor-widget-container\">\n\t\t\t\t\t<h1 class=\"elementor-heading-title elementor-size-default\"><a href=\"https:\/\/johnsmith.complot.net\/index.php\/textil-nino\/#1\">Fundamentals<\/a><\/h1>\t\t\t\t<\/div>\n\t\t\t\t<\/div>\n\t\t\t\t<div class=\"elementor-element elementor-element-5e65c19 elementor-widget elementor-widget-heading\" data-id=\"5e65c19\" data-element_type=\"widget\" data-widget_type=\"heading.default\">\n\t\t\t\t<div class=\"elementor-widget-container\">\n\t\t\t\t\t<h1 class=\"elementor-heading-title elementor-size-default\"><a href=\"https:\/\/johnsmith.complot.net\/index.php\/textil-nino\/#2\">Bloodsports<\/a><\/h1>\t\t\t\t<\/div>\n\t\t\t\t<\/div>\n\t\t\t\t<div class=\"elementor-element elementor-element-f72c7c4 elementor-widget elementor-widget-heading\" data-id=\"f72c7c4\" data-element_type=\"widget\" data-widget_type=\"heading.default\">\n\t\t\t\t<div class=\"elementor-widget-container\">\n\t\t\t\t\t<h1 class=\"elementor-heading-title elementor-size-default\"><a href=\"https:\/\/johnsmith.complot.net\/index.php\/textil-nino\/#3\">Athletcore<\/a><\/h1>\t\t\t\t<\/div>\n\t\t\t\t<\/div>\n\t\t\t\t<div class=\"elementor-element elementor-element-46c88e5 elementor-widget elementor-widget-heading\" data-id=\"46c88e5\" data-element_type=\"widget\" data-widget_type=\"heading.default\">\n\t\t\t\t<div class=\"elementor-widget-container\">\n\t\t\t\t\t<h1 class=\"elementor-heading-title elementor-size-default\"><a href=\"https:\/\/johnsmith.complot.net\/index.php\/textil-nino\/#4\">Training<\/a><\/h1>\t\t\t\t<\/div>\n\t\t\t\t<\/div>\n\t\t\t\t<div class=\"elementor-element elementor-element-25c4f41 elementor-widget elementor-widget-heading\" data-id=\"25c4f41\" data-element_type=\"widget\" data-widget_type=\"heading.default\">\n\t\t\t\t<div class=\"elementor-widget-container\">\n\t\t\t\t\t<h1 class=\"elementor-heading-title elementor-size-default\"><a href=\"https:\/\/johnsmith.complot.net\/index.php\/textil-nino\/#5\">Summer Drawing <\/a><\/h1>\t\t\t\t<\/div>\n\t\t\t\t<\/div>\n\t\t\t\t<div class=\"elementor-element elementor-element-0185d66 elementor-widget elementor-widget-heading\" data-id=\"0185d66\" data-element_type=\"widget\" data-widget_type=\"heading.default\">\n\t\t\t\t<div class=\"elementor-widget-container\">\n\t\t\t\t\t<h1 class=\"elementor-heading-title elementor-size-default\"><a href=\"https:\/\/johnsmith.complot.net\/index.php\/textil-nina\/\">ni\u00f1a<\/a><\/h1>\t\t\t\t<\/div>\n\t\t\t\t<\/div>\n\t\t\t\t<div class=\"elementor-element elementor-element-34a9dbb elementor-widget elementor-widget-heading\" data-id=\"34a9dbb\" data-element_type=\"widget\" data-widget_type=\"heading.default\">\n\t\t\t\t<div class=\"elementor-widget-container\">\n\t\t\t\t\t<h1 class=\"elementor-heading-title elementor-size-default\"><a href=\"https:\/\/johnsmith.complot.net\/index.php\/textil-nina\/#1\">Athletcore<\/a><\/h1>\t\t\t\t<\/div>\n\t\t\t\t<\/div>\n\t\t\t\t<div class=\"elementor-element elementor-element-07a8917 elementor-widget elementor-widget-heading\" data-id=\"07a8917\" data-element_type=\"widget\" data-widget_type=\"heading.default\">\n\t\t\t\t<div class=\"elementor-widget-container\">\n\t\t\t\t\t<h1 class=\"elementor-heading-title elementor-size-default\"><a href=\"https:\/\/johnsmith.complot.net\/index.php\/textil-nina\/#2\">Training<\/a><\/h1>\t\t\t\t<\/div>\n\t\t\t\t<\/div>\n\t\t\t\t<\/div>\n\t\t<div class=\"elementor-element elementor-element-a9735f6 e-con-full e-flex e-con e-child\" data-id=\"a9735f6\" data-element_type=\"container\">\n\t\t\t\t<div class=\"elementor-element elementor-element-dce55ee elementor-widget elementor-widget-heading\" data-id=\"dce55ee\" data-element_type=\"widget\" data-widget_type=\"heading.default\">\n\t\t\t\t<div class=\"elementor-widget-container\">\n\t\t\t\t\t<h1 class=\"elementor-heading-title elementor-size-default\">CALZADO<\/h1>\t\t\t\t<\/div>\n\t\t\t\t<\/div>\n\t\t\t\t<div class=\"elementor-element elementor-element-a5391ba elementor-widget elementor-widget-heading\" data-id=\"a5391ba\" data-element_type=\"widget\" data-widget_type=\"heading.default\">\n\t\t\t\t<div class=\"elementor-widget-container\">\n\t\t\t\t\t<h1 class=\"elementor-heading-title elementor-size-default\"><a href=\"https:\/\/johnsmith.complot.net\/index.php\/calzado-hombre\/\">HOmBRE<\/a><\/h1>\t\t\t\t<\/div>\n\t\t\t\t<\/div>\n\t\t\t\t<div class=\"elementor-element elementor-element-752d1a1 elementor-widget elementor-widget-heading\" data-id=\"752d1a1\" data-element_type=\"widget\" data-widget_type=\"heading.default\">\n\t\t\t\t<div class=\"elementor-widget-container\">\n\t\t\t\t\t<h1 class=\"elementor-heading-title elementor-size-default\"><a href=\"https:\/\/johnsmith.complot.net\/index.php\/calzado-hombre\/#1\">Running<\/a><\/h1>\t\t\t\t<\/div>\n\t\t\t\t<\/div>\n\t\t\t\t<div class=\"elementor-element elementor-element-ff76225 elementor-widget elementor-widget-heading\" data-id=\"ff76225\" data-element_type=\"widget\" data-widget_type=\"heading.default\">\n\t\t\t\t<div class=\"elementor-widget-container\">\n\t\t\t\t\t<h1 class=\"elementor-heading-title elementor-size-default\"><a href=\"https:\/\/johnsmith.complot.net\/index.php\/calzado-hombre\/#2\">Work<\/a><\/h1>\t\t\t\t<\/div>\n\t\t\t\t<\/div>\n\t\t\t\t<div class=\"elementor-element elementor-element-9ecc842 elementor-widget elementor-widget-heading\" data-id=\"9ecc842\" data-element_type=\"widget\" data-widget_type=\"heading.default\">\n\t\t\t\t<div class=\"elementor-widget-container\">\n\t\t\t\t\t<h1 class=\"elementor-heading-title elementor-size-default\"><a href=\"https:\/\/johnsmith.complot.net\/index.php\/calzado-hombre\/#3\">Cl\u00e1sicas<\/a><\/h1>\t\t\t\t<\/div>\n\t\t\t\t<\/div>\n\t\t\t\t<div class=\"elementor-element elementor-element-817717c elementor-widget elementor-widget-heading\" data-id=\"817717c\" data-element_type=\"widget\" data-widget_type=\"heading.default\">\n\t\t\t\t<div class=\"elementor-widget-container\">\n\t\t\t\t\t<h1 class=\"elementor-heading-title elementor-size-default\"><a href=\"https:\/\/johnsmith.complot.net\/index.php\/calzado-hombre\/#4\">Urban<\/a><\/h1>\t\t\t\t<\/div>\n\t\t\t\t<\/div>\n\t\t\t\t<div class=\"elementor-element elementor-element-5407593 elementor-widget elementor-widget-heading\" data-id=\"5407593\" data-element_type=\"widget\" data-widget_type=\"heading.default\">\n\t\t\t\t<div class=\"elementor-widget-container\">\n\t\t\t\t\t<h1 class=\"elementor-heading-title elementor-size-default\"><a href=\"https:\/\/johnsmith.complot.net\/index.php\/calzado-hombre\/#5\">Piscinas<\/a><\/h1>\t\t\t\t<\/div>\n\t\t\t\t<\/div>\n\t\t\t\t<div class=\"elementor-element elementor-element-d5a7039 elementor-widget elementor-widget-heading\" data-id=\"d5a7039\" data-element_type=\"widget\" data-widget_type=\"heading.default\">\n\t\t\t\t<div class=\"elementor-widget-container\">\n\t\t\t\t\t<h1 class=\"elementor-heading-title elementor-size-default\"><a href=\"https:\/\/johnsmith.complot.net\/index.php\/calzado-mujer\/\">MUJER<\/a><\/h1>\t\t\t\t<\/div>\n\t\t\t\t<\/div>\n\t\t\t\t<div class=\"elementor-element elementor-element-15adc28 elementor-widget elementor-widget-heading\" data-id=\"15adc28\" data-element_type=\"widget\" data-widget_type=\"heading.default\">\n\t\t\t\t<div class=\"elementor-widget-container\">\n\t\t\t\t\t<h1 class=\"elementor-heading-title elementor-size-default\"><a href=\"https:\/\/johnsmith.complot.net\/index.php\/calzado-mujer\/#1\">Running<\/a><\/h1>\t\t\t\t<\/div>\n\t\t\t\t<\/div>\n\t\t\t\t<div class=\"elementor-element elementor-element-39e6bff elementor-widget elementor-widget-heading\" data-id=\"39e6bff\" data-element_type=\"widget\" data-widget_type=\"heading.default\">\n\t\t\t\t<div class=\"elementor-widget-container\">\n\t\t\t\t\t<h1 class=\"elementor-heading-title elementor-size-default\"><a href=\"https:\/\/johnsmith.complot.net\/index.php\/calzado-mujer\/#2\">Urban<\/a><\/h1>\t\t\t\t<\/div>\n\t\t\t\t<\/div>\n\t\t\t\t<div class=\"elementor-element elementor-element-11f4801 elementor-widget elementor-widget-heading\" data-id=\"11f4801\" data-element_type=\"widget\" data-widget_type=\"heading.default\">\n\t\t\t\t<div class=\"elementor-widget-container\">\n\t\t\t\t\t<h1 class=\"elementor-heading-title elementor-size-default\"><a href=\"https:\/\/johnsmith.complot.net\/index.php\/calzado-mujer\/#3\">Lonas<\/a><\/h1>\t\t\t\t<\/div>\n\t\t\t\t<\/div>\n\t\t\t\t<div class=\"elementor-element elementor-element-19a9a4b elementor-widget elementor-widget-heading\" data-id=\"19a9a4b\" data-element_type=\"widget\" data-widget_type=\"heading.default\">\n\t\t\t\t<div class=\"elementor-widget-container\">\n\t\t\t\t\t<h1 class=\"elementor-heading-title elementor-size-default\"><a href=\"https:\/\/johnsmith.complot.net\/index.php\/calzado-mujer\/#4\">Piscinas<\/a><\/h1>\t\t\t\t<\/div>\n\t\t\t\t<\/div>\n\t\t\t\t<div class=\"elementor-element elementor-element-147ec87 elementor-widget elementor-widget-heading\" data-id=\"147ec87\" data-element_type=\"widget\" data-widget_type=\"heading.default\">\n\t\t\t\t<div class=\"elementor-widget-container\">\n\t\t\t\t\t<h1 class=\"elementor-heading-title elementor-size-default\"><a href=\"https:\/\/johnsmith.complot.net\/index.php\/calzado-junior\/\">JUNIOR<\/a><\/h1>\t\t\t\t<\/div>\n\t\t\t\t<\/div>\n\t\t\t\t<div class=\"elementor-element elementor-element-3ce6963 elementor-widget elementor-widget-heading\" data-id=\"3ce6963\" data-element_type=\"widget\" data-widget_type=\"heading.default\">\n\t\t\t\t<div class=\"elementor-widget-container\">\n\t\t\t\t\t<h1 class=\"elementor-heading-title elementor-size-default\"><a href=\"https:\/\/johnsmith.complot.net\/index.php\/calzado-junior\/#1\">Running<\/a><\/h1>\t\t\t\t<\/div>\n\t\t\t\t<\/div>\n\t\t\t\t<div class=\"elementor-element elementor-element-50203de elementor-widget elementor-widget-heading\" data-id=\"50203de\" data-element_type=\"widget\" data-widget_type=\"heading.default\">\n\t\t\t\t<div class=\"elementor-widget-container\">\n\t\t\t\t\t<h1 class=\"elementor-heading-title elementor-size-default\"><a href=\"https:\/\/johnsmith.complot.net\/index.php\/calzado-junior\/#2\">Cl\u00e1sicas<\/a><\/h1>\t\t\t\t<\/div>\n\t\t\t\t<\/div>\n\t\t\t\t<div class=\"elementor-element elementor-element-a903a99 elementor-widget elementor-widget-heading\" data-id=\"a903a99\" data-element_type=\"widget\" data-widget_type=\"heading.default\">\n\t\t\t\t<div class=\"elementor-widget-container\">\n\t\t\t\t\t<h1 class=\"elementor-heading-title elementor-size-default\"><a href=\"https:\/\/johnsmith.complot.net\/index.php\/calzado-junior\/#3\">Urban<\/a><\/h1>\t\t\t\t<\/div>\n\t\t\t\t<\/div>\n\t\t\t\t<div class=\"elementor-element elementor-element-a257dab elementor-widget elementor-widget-heading\" data-id=\"a257dab\" data-element_type=\"widget\" data-widget_type=\"heading.default\">\n\t\t\t\t<div class=\"elementor-widget-container\">\n\t\t\t\t\t<h1 class=\"elementor-heading-title elementor-size-default\"><a href=\"https:\/\/johnsmith.complot.net\/index.php\/calzado-junior\/#4\">Lonas<\/a><\/h1>\t\t\t\t<\/div>\n\t\t\t\t<\/div>\n\t\t\t\t<div class=\"elementor-element elementor-element-82c813b elementor-widget elementor-widget-heading\" data-id=\"82c813b\" data-element_type=\"widget\" data-widget_type=\"heading.default\">\n\t\t\t\t<div class=\"elementor-widget-container\">\n\t\t\t\t\t<h1 class=\"elementor-heading-title elementor-size-default\"><a href=\"https:\/\/johnsmith.complot.net\/index.php\/calzado-kids\/\">KIDS<\/a><\/h1>\t\t\t\t<\/div>\n\t\t\t\t<\/div>\n\t\t\t\t<div class=\"elementor-element elementor-element-33a6867 elementor-widget elementor-widget-heading\" data-id=\"33a6867\" data-element_type=\"widget\" data-widget_type=\"heading.default\">\n\t\t\t\t<div class=\"elementor-widget-container\">\n\t\t\t\t\t<h1 class=\"elementor-heading-title elementor-size-default\"><a href=\"https:\/\/johnsmith.complot.net\/index.php\/calzado-kids\/\">Piscinas<\/a><\/h1>\t\t\t\t<\/div>\n\t\t\t\t<\/div>\n\t\t\t\t<div class=\"elementor-element elementor-element-5061b05 elementor-widget elementor-widget-heading\" data-id=\"5061b05\" data-element_type=\"widget\" data-widget_type=\"heading.default\">\n\t\t\t\t<div class=\"elementor-widget-container\">\n\t\t\t\t\t<h1 class=\"elementor-heading-title elementor-size-default\"><a href=\"https:\/\/johnsmith.complot.net\/index.php\/calzado-unisex\/\">unisex<\/a><\/h1>\t\t\t\t<\/div>\n\t\t\t\t<\/div>\n\t\t\t\t<div class=\"elementor-element elementor-element-25e7fa1 elementor-widget elementor-widget-heading\" data-id=\"25e7fa1\" data-element_type=\"widget\" data-widget_type=\"heading.default\">\n\t\t\t\t<div class=\"elementor-widget-container\">\n\t\t\t\t\t<h1 class=\"elementor-heading-title elementor-size-default\"><a href=\"https:\/\/johnsmith.complot.net\/index.php\/calzado-unisex\/\">lonas<\/a><\/h1>\t\t\t\t<\/div>\n\t\t\t\t<\/div>\n\t\t\t\t<\/div>\n\t\t<div class=\"elementor-element elementor-element-cb57c41 e-con-full e-flex e-con e-child\" data-id=\"cb57c41\" data-element_type=\"container\">\n\t\t\t\t<div class=\"elementor-element elementor-element-b72b900 elementor-widget elementor-widget-heading\" data-id=\"b72b900\" data-element_type=\"widget\" data-widget_type=\"heading.default\">\n\t\t\t\t<div class=\"elementor-widget-container\">\n\t\t\t\t\t<h1 class=\"elementor-heading-title elementor-size-default\"><a href=\"https:\/\/johnsmith.complot.net\/index.php\/calcetines\/\">CALCETINES<\/a><\/h1>\t\t\t\t<\/div>\n\t\t\t\t<\/div>\n\t\t\t\t<div class=\"elementor-element elementor-element-9f18a5c elementor-widget elementor-widget-heading\" data-id=\"9f18a5c\" data-element_type=\"widget\" data-widget_type=\"heading.default\">\n\t\t\t\t<div class=\"elementor-widget-container\">\n\t\t\t\t\t<h1 class=\"elementor-heading-title elementor-size-default\"><a href=\"https:\/\/johnsmith.complot.net\/index.php\/calcetines\/#1\">Hombre<\/a><\/h1>\t\t\t\t<\/div>\n\t\t\t\t<\/div>\n\t\t\t\t<div class=\"elementor-element elementor-element-716146b elementor-widget elementor-widget-heading\" data-id=\"716146b\" data-element_type=\"widget\" data-widget_type=\"heading.default\">\n\t\t\t\t<div class=\"elementor-widget-container\">\n\t\t\t\t\t<h1 class=\"elementor-heading-title elementor-size-default\"><a href=\"https:\/\/johnsmith.complot.net\/index.php\/calcetines\/#2\">Mujer<\/a><\/h1>\t\t\t\t<\/div>\n\t\t\t\t<\/div>\n\t\t\t\t<div class=\"elementor-element elementor-element-a1cad4a elementor-widget elementor-widget-heading\" data-id=\"a1cad4a\" data-element_type=\"widget\" data-widget_type=\"heading.default\">\n\t\t\t\t<div class=\"elementor-widget-container\">\n\t\t\t\t\t<h1 class=\"elementor-heading-title elementor-size-default\"><a href=\"https:\/\/johnsmith.complot.net\/index.php\/calcetines\/#3\">Ni\u00f1o<\/a><\/h1>\t\t\t\t<\/div>\n\t\t\t\t<\/div>\n\t\t\t\t<div class=\"elementor-element elementor-element-5309442 elementor-widget elementor-widget-heading\" data-id=\"5309442\" data-element_type=\"widget\" data-widget_type=\"heading.default\">\n\t\t\t\t<div class=\"elementor-widget-container\">\n\t\t\t\t\t<h1 class=\"elementor-heading-title elementor-size-default\"><a href=\"https:\/\/johnsmith.complot.net\/index.php\/calcetines\/#4\">Ni\u00f1a<\/a><\/h1>\t\t\t\t<\/div>\n\t\t\t\t<\/div>\n\t\t\t\t<\/div>\n\t\t\t\t<\/div>\n\t\t\t\t\t<\/div>\n\t\t\t\t<\/div>\n\t\t\t\t<\/div>\n\t\t\t\t<\/div>\n\t\t","protected":false},"excerpt":{"rendered":"<p>TEXtIL HOmBRE Fundamentals Pantalones b\u00e1sicos Bloodsport Athletcore Training Summer Drawing MUJER Fundamentals Pantal\u00f3n B\u00e1sico Athletcore Pure Sports Proportions ni\u00f1o Fundamentals Bloodsports Athletcore Training Summer Drawing ni\u00f1a Athletcore Training CALZADO HOmBRE Running Work Cl\u00e1sicas Urban Piscinas MUJER Running Urban Lonas Piscinas JUNIOR Running Cl\u00e1sicas Urban Lonas KIDS Piscinas unisex lonas CALCETINES Hombre Mujer Ni\u00f1o Ni\u00f1a<\/p>\n","protected":false},"author":1,"featured_media":0,"parent":0,"menu_order":0,"comment_status":"closed","ping_status":"closed","template":"elementor_canvas","meta":{"_acf_changed":false,"footnotes":""},"class_list":["post-1517","page","type-page","status-publish","hentry"],"acf":[],"_links":{"self":[{"href":"https:\/\/johnsmith.complot.net\/index.php\/wp-json\/wp\/v2\/pages\/1517","targetHints":{"allow":["GET"]}}],"collection":[{"href":"https:\/\/johnsmith.complot.net\/index.php\/wp-json\/wp\/v2\/pages"}],"about":[{"href":"https:\/\/johnsmith.complot.net\/index.php\/wp-json\/wp\/v2\/types\/page"}],"author":[{"embeddable":true,"href":"https:\/\/johnsmith.complot.net\/index.php\/wp-json\/wp\/v2\/users\/1"}],"replies":[{"embeddable":true,"href":"https:\/\/johnsmith.complot.net\/index.php\/wp-json\/wp\/v2\/comments?post=1517"}],"version-history":[{"count":7,"href":"https:\/\/johnsmith.complot.net\/index.php\/wp-json\/wp\/v2\/pages\/1517\/revisions"}],"predecessor-version":[{"id":1609,"href":"https:\/\/johnsmith.complot.net\/index.php\/wp-json\/wp\/v2\/pages\/1517\/revisions\/1609"}],"wp:attachment":[{"href":"https:\/\/johnsmith.complot.net\/index.php\/wp-json\/wp\/v2\/media?parent=1517"}],"curies":[{"name":"wp","href":"https:\/\/api.w.org\/{rel}","templated":true}]}}